{"id":334,"date":"2025-01-13T14:34:04","date_gmt":"2025-01-13T14:34:04","guid":{"rendered":"https:\/\/www.mars-society-switzerland.com\/fr\/\/?page_id=334"},"modified":"2025-01-30T10:05:25","modified_gmt":"2025-01-30T10:05:25","slug":"mentions-legales","status":"publish","type":"page","link":"https:\/\/www.mars-society-switzerland.com\/fr\/mentions-legales\/","title":{"rendered":"Mentions L\u00e9gales"},"content":{"rendered":"\t\t<div data-elementor-type=\"wp-page\" data-elementor-id=\"334\" class=\"elementor elementor-334\" data-elementor-post-type=\"page\">\n\t\t\t\t<div class=\"elementor-element elementor-element-6e2ce35 e-flex e-con-boxed e-con e-parent\" data-id=\"6e2ce35\" data-element_type=\"container\" data-e-type=\"container\">\n\t\t\t\t\t<div class=\"e-con-inner\">\n\t\t\t\t<div class=\"elementor-element elementor-element-2fa7f97 elementor-widget elementor-widget-heading\" data-id=\"2fa7f97\" data-element_type=\"widget\" data-e-type=\"widget\" data-widget_type=\"heading.default\">\n\t\t\t\t\t<h2 class=\"elementor-heading-title elementor-size-default\">Mentions L\u00e9gales<\/h2>\t\t\t\t<\/div>\n\t\t\t\t<div class=\"elementor-element elementor-element-57be901 elementor-widget elementor-widget-text-editor\" data-id=\"57be901\" data-element_type=\"widget\" data-e-type=\"widget\" data-widget_type=\"text-editor.default\">\n\t\t\t\t\t\t\t\t\t<p>Conform\u00e9ment \u00e0 l\u2019article 6 de la Loi n\u00b02004-575 pour la confiance dans l\u2019\u00e9conomie num\u00e9rique, les responsables du pr\u00e9sent Site<strong><a href=\"https:\/\/www.mars-society-switzerland.com\/fr\/\/fr\"> https:\/\/www.mars-society-switzerland.com\/fr\/\/fr<\/a><\/strong>\/\u00a0sont\u00a0:<\/p><p><strong>\u00c9DITEUR<\/strong><\/p><p>Le site Internet <a href=\"https:\/\/www.mars-society-switzerland.com\/fr\/\/fr\"><strong>https:\/\/www.mars-society-switzerland.com\/fr\/\/fr<\/strong><\/a>\/ est \u00e9dit\u00e9 par L&rsquo;association Mars Society Switzerland. \u00a0<\/p><p>Courrier \u00e9lectronique\u00a0: mars.society.switz@gmail.com<\/p><p>PIERRE BRISSON, <strong>est directeur de la publication.\u00a0<\/strong><\/p><p><strong>H\u00c9BERGEUR<\/strong><\/p><p>Le site <a href=\"https:\/\/www.mars-society-switzerland.com\/fr\/\/fr\/\"><strong>https:\/\/www.mars-society-switzerland.com\/fr\/\/fr\/<\/strong><\/a>\u00a0est h\u00e9berg\u00e9 par la soci\u00e9t\u00e9 02 Switch,\u00a0Chemin des Pardiaux\u00a063000 Clermont-Ferrand.<br \/>Capital de 100000\u20ac\u00a0<br \/>Siret : 510 909 80700024.<\/p><p><strong>Conception et\u00a0r\u00e9alisation par <a href=\"https:\/\/www.dinamicom.fr\/\">Dinamicom<\/a><\/strong><\/p>\t\t\t\t\t\t\t\t<\/div>\n\t\t\t\t\t<\/div>\n\t\t\t\t<\/div>\n\t\t\t\t<\/div>\n\t\t","protected":false},"excerpt":{"rendered":"<p>Mentions L\u00e9gales Conform\u00e9ment \u00e0 l\u2019article 6 de la Loi n\u00b02004-575 pour la confiance dans l\u2019\u00e9conomie num\u00e9rique, les responsables du pr\u00e9sent Site https:\/\/www.mars-society-switzerland.com\/fr\/\u00a0sont\u00a0: \u00c9DITEUR Le site Internet https:\/\/www.mars-society-switzerland.com\/fr\/ est \u00e9dit\u00e9 par [&hellip;]<\/p>\n","protected":false},"author":1,"featured_media":0,"parent":0,"menu_order":0,"comment_status":"closed","ping_status":"closed","template":"","meta":{"footnotes":""},"class_list":["post-334","page","type-page","status-publish","hentry"],"yoast_head":"<!-- This site is optimized with the Yoast SEO plugin v24.5 - https:\/\/yoast.com\/wordpress\/plugins\/seo\/ -->\n<title>Mentions L\u00e9gales &#183; Mars Society Switzerland<\/title>\n<meta name=\"description\" content=\"Consultez nos mentions l\u00e9gales pour en savoir plus sur les informations l\u00e9gales de notre site et notre engagement envers la transparence.\" \/>\n<meta name=\"robots\" content=\"index, follow, max-snippet:-1, max-image-preview:large, max-video-preview:-1\" \/>\n<link rel=\"canonical\" href=\"https:\/\/www.mars-society-switzerland.com\/fr\/mentions-legales\/\" \/>\n<meta property=\"og:locale\" content=\"fr_FR\" \/>\n<meta property=\"og:type\" content=\"article\" \/>\n<meta property=\"og:title\" content=\"Mentions L\u00e9gales &#183; Mars Society Switzerland\" \/>\n<meta property=\"og:description\" content=\"Consultez nos mentions l\u00e9gales pour en savoir plus sur les informations l\u00e9gales de notre site et notre engagement envers la transparence.\" \/>\n<meta property=\"og:url\" content=\"https:\/\/www.mars-society-switzerland.com\/fr\/mentions-legales\/\" \/>\n<meta property=\"og:site_name\" content=\"Mars Society Switzerland\" \/>\n<meta property=\"article:modified_time\" content=\"2025-01-30T10:05:25+00:00\" \/>\n<meta name=\"twitter:card\" content=\"summary_large_image\" \/>\n<meta name=\"twitter:label1\" content=\"Dur\u00e9e de lecture estim\u00e9e\" \/>\n\t<meta name=\"twitter:data1\" content=\"1 minute\" \/>\n<script type=\"application\/ld+json\" class=\"yoast-schema-graph\">{\"@context\":\"https:\/\/schema.org\",\"@graph\":[{\"@type\":\"WebPage\",\"@id\":\"https:\/\/www.mars-society-switzerland.com\/fr\/mentions-legales\/\",\"url\":\"https:\/\/www.mars-society-switzerland.com\/fr\/mentions-legales\/\",\"name\":\"Mentions L\u00e9gales &#183; Mars Society Switzerland\",\"isPartOf\":{\"@id\":\"https:\/\/www.mars-society-switzerland.com\/fr\/#website\"},\"datePublished\":\"2025-01-13T14:34:04+00:00\",\"dateModified\":\"2025-01-30T10:05:25+00:00\",\"description\":\"Consultez nos mentions l\u00e9gales pour en savoir plus sur les informations l\u00e9gales de notre site et notre engagement envers la transparence.\",\"breadcrumb\":{\"@id\":\"https:\/\/www.mars-society-switzerland.com\/fr\/mentions-legales\/#breadcrumb\"},\"inLanguage\":\"fr-FR\",\"potentialAction\":[{\"@type\":\"ReadAction\",\"target\":[\"https:\/\/www.mars-society-switzerland.com\/fr\/mentions-legales\/\"]}]},{\"@type\":\"BreadcrumbList\",\"@id\":\"https:\/\/www.mars-society-switzerland.com\/fr\/mentions-legales\/#breadcrumb\",\"itemListElement\":[{\"@type\":\"ListItem\",\"position\":1,\"name\":\"Accueil\",\"item\":\"https:\/\/www.mars-society-switzerland.com\/fr\/\"},{\"@type\":\"ListItem\",\"position\":2,\"name\":\"Mentions L\u00e9gales\"}]},{\"@type\":\"WebSite\",\"@id\":\"https:\/\/www.mars-society-switzerland.com\/fr\/#website\",\"url\":\"https:\/\/www.mars-society-switzerland.com\/fr\/\",\"name\":\"Mars Society Switzerland\",\"description\":\"Aller sur Mars pour mieux comprendre a Terre\",\"publisher\":{\"@id\":\"https:\/\/www.mars-society-switzerland.com\/fr\/#organization\"},\"potentialAction\":[{\"@type\":\"SearchAction\",\"target\":{\"@type\":\"EntryPoint\",\"urlTemplate\":\"https:\/\/www.mars-society-switzerland.com\/fr\/?s={search_term_string}\"},\"query-input\":{\"@type\":\"PropertyValueSpecification\",\"valueRequired\":true,\"valueName\":\"search_term_string\"}}],\"inLanguage\":\"fr-FR\"},{\"@type\":\"Organization\",\"@id\":\"https:\/\/www.mars-society-switzerland.com\/fr\/#organization\",\"name\":\"Mars Society Switzerland\",\"url\":\"https:\/\/www.mars-society-switzerland.com\/fr\/\",\"logo\":{\"@type\":\"ImageObject\",\"inLanguage\":\"fr-FR\",\"@id\":\"https:\/\/www.mars-society-switzerland.com\/fr\/#\/schema\/logo\/image\/\",\"url\":\"https:\/\/www.mars-society-switzerland.com\/wp-content\/uploads\/2025\/01\/LOGO.svg\",\"contentUrl\":\"https:\/\/www.mars-society-switzerland.com\/wp-content\/uploads\/2025\/01\/LOGO.svg\",\"caption\":\"Mars Society Switzerland\"},\"image\":{\"@id\":\"https:\/\/www.mars-society-switzerland.com\/fr\/#\/schema\/logo\/image\/\"}}]}<\/script>\n<!-- \/ Yoast SEO plugin. -->","yoast_head_json":{"title":"Mentions L\u00e9gales &#183; Mars Society Switzerland","description":"Consultez nos mentions l\u00e9gales pour en savoir plus sur les informations l\u00e9gales de notre site et notre engagement envers la transparence.","robots":{"index":"index","follow":"follow","max-snippet":"max-snippet:-1","max-image-preview":"max-image-preview:large","max-video-preview":"max-video-preview:-1"},"canonical":"https:\/\/www.mars-society-switzerland.com\/fr\/mentions-legales\/","og_locale":"fr_FR","og_type":"article","og_title":"Mentions L\u00e9gales &#183; Mars Society Switzerland","og_description":"Consultez nos mentions l\u00e9gales pour en savoir plus sur les informations l\u00e9gales de notre site et notre engagement envers la transparence.","og_url":"https:\/\/www.mars-society-switzerland.com\/fr\/mentions-legales\/","og_site_name":"Mars Society Switzerland","article_modified_time":"2025-01-30T10:05:25+00:00","twitter_card":"summary_large_image","twitter_misc":{"Dur\u00e9e de lecture estim\u00e9e":"1 minute"},"schema":{"@context":"https:\/\/schema.org","@graph":[{"@type":"WebPage","@id":"https:\/\/www.mars-society-switzerland.com\/fr\/mentions-legales\/","url":"https:\/\/www.mars-society-switzerland.com\/fr\/mentions-legales\/","name":"Mentions L\u00e9gales &#183; Mars Society Switzerland","isPartOf":{"@id":"https:\/\/www.mars-society-switzerland.com\/fr\/#website"},"datePublished":"2025-01-13T14:34:04+00:00","dateModified":"2025-01-30T10:05:25+00:00","description":"Consultez nos mentions l\u00e9gales pour en savoir plus sur les informations l\u00e9gales de notre site et notre engagement envers la transparence.","breadcrumb":{"@id":"https:\/\/www.mars-society-switzerland.com\/fr\/mentions-legales\/#breadcrumb"},"inLanguage":"fr-FR","potentialAction":[{"@type":"ReadAction","target":["https:\/\/www.mars-society-switzerland.com\/fr\/mentions-legales\/"]}]},{"@type":"BreadcrumbList","@id":"https:\/\/www.mars-society-switzerland.com\/fr\/mentions-legales\/#breadcrumb","itemListElement":[{"@type":"ListItem","position":1,"name":"Accueil","item":"https:\/\/www.mars-society-switzerland.com\/fr\/"},{"@type":"ListItem","position":2,"name":"Mentions L\u00e9gales"}]},{"@type":"WebSite","@id":"https:\/\/www.mars-society-switzerland.com\/fr\/#website","url":"https:\/\/www.mars-society-switzerland.com\/fr\/","name":"Mars Society Switzerland","description":"Aller sur Mars pour mieux comprendre a Terre","publisher":{"@id":"https:\/\/www.mars-society-switzerland.com\/fr\/#organization"},"potentialAction":[{"@type":"SearchAction","target":{"@type":"EntryPoint","urlTemplate":"https:\/\/www.mars-society-switzerland.com\/fr\/?s={search_term_string}"},"query-input":{"@type":"PropertyValueSpecification","valueRequired":true,"valueName":"search_term_string"}}],"inLanguage":"fr-FR"},{"@type":"Organization","@id":"https:\/\/www.mars-society-switzerland.com\/fr\/#organization","name":"Mars Society Switzerland","url":"https:\/\/www.mars-society-switzerland.com\/fr\/","logo":{"@type":"ImageObject","inLanguage":"fr-FR","@id":"https:\/\/www.mars-society-switzerland.com\/fr\/#\/schema\/logo\/image\/","url":"https:\/\/www.mars-society-switzerland.com\/wp-content\/uploads\/2025\/01\/LOGO.svg","contentUrl":"https:\/\/www.mars-society-switzerland.com\/wp-content\/uploads\/2025\/01\/LOGO.svg","caption":"Mars Society Switzerland"},"image":{"@id":"https:\/\/www.mars-society-switzerland.com\/fr\/#\/schema\/logo\/image\/"}}]}},"_links":{"self":[{"href":"https:\/\/www.mars-society-switzerland.com\/fr\/wp-json\/wp\/v2\/pages\/334","targetHints":{"allow":["GET"]}}],"collection":[{"href":"https:\/\/www.mars-society-switzerland.com\/fr\/wp-json\/wp\/v2\/pages"}],"about":[{"href":"https:\/\/www.mars-society-switzerland.com\/fr\/wp-json\/wp\/v2\/types\/page"}],"author":[{"embeddable":true,"href":"https:\/\/www.mars-society-switzerland.com\/fr\/wp-json\/wp\/v2\/users\/1"}],"replies":[{"embeddable":true,"href":"https:\/\/www.mars-society-switzerland.com\/fr\/wp-json\/wp\/v2\/comments?post=334"}],"version-history":[{"count":7,"href":"https:\/\/www.mars-society-switzerland.com\/fr\/wp-json\/wp\/v2\/pages\/334\/revisions"}],"predecessor-version":[{"id":344,"href":"https:\/\/www.mars-society-switzerland.com\/fr\/wp-json\/wp\/v2\/pages\/334\/revisions\/344"}],"wp:attachment":[{"href":"https:\/\/www.mars-society-switzerland.com\/fr\/wp-json\/wp\/v2\/media?parent=334"}],"curies":[{"name":"wp","href":"https:\/\/api.w.org\/{rel}","templated":true}]}}