{"id":246,"date":"2025-01-13T09:07:09","date_gmt":"2025-01-13T09:07:09","guid":{"rendered":"https:\/\/www.mars-society-switzerland.com\/fr\/\/?page_id=246"},"modified":"2025-01-30T09:59:14","modified_gmt":"2025-01-30T09:59:14","slug":"adhesion","status":"publish","type":"page","link":"https:\/\/www.mars-society-switzerland.com\/fr\/adhesion\/","title":{"rendered":"Adh\u00e9sion"},"content":{"rendered":"\t\t<div data-elementor-type=\"wp-page\" data-elementor-id=\"246\" class=\"elementor elementor-246\" data-elementor-post-type=\"page\">\n\t\t\t\t<div class=\"elementor-element elementor-element-3a19355 e-flex e-con-boxed e-con e-parent\" data-id=\"3a19355\" data-element_type=\"container\" data-e-type=\"container\" data-settings=\"{&quot;background_background&quot;:&quot;classic&quot;}\">\n\t\t\t\t\t<div class=\"e-con-inner\">\n\t\t\t\t<div class=\"elementor-element elementor-element-266edc0 elementor-widget elementor-widget-heading\" data-id=\"266edc0\" data-element_type=\"widget\" data-e-type=\"widget\" data-widget_type=\"heading.default\">\n\t\t\t\t\t<h2 class=\"elementor-heading-title elementor-size-default\">ADH\u00c9SION<\/h2>\t\t\t\t<\/div>\n\t\t\t\t<div class=\"elementor-element elementor-element-dba493d elementor-widget elementor-widget-text-editor\" data-id=\"dba493d\" data-element_type=\"widget\" data-e-type=\"widget\" data-widget_type=\"text-editor.default\">\n\t\t\t\t\t\t\t\t\t<p>L&rsquo;objectif de notre action est de constituer un groupe de sp\u00e9cialistes suisses de l&rsquo;exploration de Mars et de regrouper autour de ce noyau toutes les personnes int\u00e9ress\u00e9es. Nous nous effor\u00e7ons de diffuser les informations les plus pertinentes en les commentant, soit par Internet, dans le blog \u00ab\u00a0exploration spatiale\u00a0\u00bb h\u00e9berg\u00e9 par Le Temps, soit dans le cadre de conf\u00e9rences, soit par interventions dans les media. Nous nous effor\u00e7ons de faciliter les \u00e9changes sur le sujet et faisons de notre mieux pour convaincre les d\u00e9cideurs suisses de l&rsquo;int\u00e9r\u00eat primordial de cette exploration. <br \/>L&rsquo;exploration de Mars est f\u00e9d\u00e9ratrice d&rsquo;int\u00e9r\u00eats multiples, particuli\u00e8rement si l&rsquo;on se place dans la perspective de vols habit\u00e9s. Ils vont de l&rsquo;astronautique au recyclage des d\u00e9chets, en passant par la g\u00e9ologie, l&rsquo;exobiologie, l&rsquo;architecture, la m\u00e9decine. Cette exploration est fortement utilisatrice de microtechnologies et de robotique, domaines dans lesquels la Suisse excelle. <br \/>Dans le monde entier des gens y travaillent en d\u00e9veloppant et en appliquant les id\u00e9es et les techniques les plus pointues dans leur domaine. Le projet est fortement porteur de cr\u00e9ation de richesses pour les d\u00e9cennies \u00e0 venir.<br \/>C&rsquo;est un monde passionnant dans lequel nous vous invitons \u00e0 entrer. Faites le premier pas, rejoignez nous!<br \/><br \/><strong>Nous encourageons nos membres \u00e0 adh\u00e9rer parall\u00e9lement \u00e0 l&rsquo;Association Plan\u00e8te Mars<\/strong> (voir ci-dessous).<\/p><footer>Plan\u00e8te Mars switzerland<\/footer>\t\t\t\t\t\t\t\t<\/div>\n\t\t\t\t\t<\/div>\n\t\t\t\t<\/div>\n\t\t<div class=\"elementor-element elementor-element-e48d66d e-flex e-con-boxed e-con e-parent\" data-id=\"e48d66d\" data-element_type=\"container\" data-e-type=\"container\">\n\t\t\t\t\t<div class=\"e-con-inner\">\n\t\t<div class=\"elementor-element elementor-element-92e138d e-con-full e-flex e-con e-child\" data-id=\"92e138d\" data-element_type=\"container\" data-e-type=\"container\">\n\t\t\t\t<div class=\"elementor-element elementor-element-be0d1a6 elementor-widget elementor-widget-price-table\" data-id=\"be0d1a6\" data-element_type=\"widget\" data-e-type=\"widget\" data-widget_type=\"price-table.default\">\n\t\t\t\t\t\n\t\t<div class=\"elementor-price-table\">\n\t\t\t\t\t\t\t<div class=\"elementor-price-table__header\">\n\t\t\t\t\t\t\t\t\t\t\t<h3 class=\"elementor-price-table__heading\">\n\t\t\t\t\t\tADH\u00c9SION - ADULTES\t\t\t\t\t\t<\/h3>\n\t\t\t\t\t\n\t\t\t\t\t\t\t\t\t<\/div>\n\t\t\t\n\t\t\t<div class=\"elementor-price-table__price\">\n\t\t\t\t\t\t\t\t\t\t\t\t\t\t\t\t\t<span class=\"elementor-price-table__integer-part\">\n\t\t\t\t\t\t40.00\t\t\t\t\t<\/span>\n\t\t\t\t\n\t\t\t\t\n\t\t\t\t<span class=\"elementor-price-table__currency\">CHF<\/span>\n\t\t\t\t\t\t\t\t\t<span class=\"elementor-price-table__period elementor-typo-excluded\">PAR ANN\u00c9E<\/span>\t\t\t\t\t\t\t<\/div>\n\n\t\t\t\t\t\t\t<ul class=\"elementor-price-table__features-list\">\n\t\t\t\t\t\t\t\t\t\t\t<li class=\"elementor-repeater-item-c3e5ede\">\n\t\t\t\t\t\t\t<div class=\"elementor-price-table__feature-inner\">\n\t\t\t\t\t\t\t\t\t\t\t\t\t\t\t\t\t\t\t\t\t\t\t\t\t<span >\n\t\t\t\t\t\t\t\t\t\t25 ANS ET +\t\t\t\t\t\t\t\t\t<\/span>\n\t\t\t\t\t\t\t\t\t\t\t\t\t\t\t\t<\/div>\n\t\t\t\t\t\t<\/li>\n\t\t\t\t\t\t\t\t\t<\/ul>\n\t\t\t\n\t\t\t\t\t\t\t<div class=\"elementor-price-table__footer\">\n\t\t\t\t\t\t\t\t\t\t\t<a class=\"elementor-price-table__button elementor-button elementor-size-md\" href=\"https:\/\/www.mars-society-switzerland.com\/fr\/\/souscription\/\">\n\t\t\t\t\t\t\tJe souscris\t\t\t\t\t\t<\/a>\n\t\t\t\t\t\n\t\t\t\t\t\t\t\t\t<\/div>\n\t\t\t\t\t<\/div>\n\n\t\t\t\t\t\t<\/div>\n\t\t\t\t<\/div>\n\t\t<div class=\"elementor-element elementor-element-19f5111 e-con-full e-flex e-con e-child\" data-id=\"19f5111\" data-element_type=\"container\" data-e-type=\"container\">\n\t\t\t\t<div class=\"elementor-element elementor-element-213f544 elementor-widget elementor-widget-price-table\" data-id=\"213f544\" data-element_type=\"widget\" data-e-type=\"widget\" data-widget_type=\"price-table.default\">\n\t\t\t\t\t\n\t\t<div class=\"elementor-price-table\">\n\t\t\t\t\t\t\t<div class=\"elementor-price-table__header\">\n\t\t\t\t\t\t\t\t\t\t\t<h3 class=\"elementor-price-table__heading\">\n\t\t\t\t\t\tADH\u00c9SION - BIENFAITEURS\t\t\t\t\t\t<\/h3>\n\t\t\t\t\t\n\t\t\t\t\t\t\t\t\t<\/div>\n\t\t\t\n\t\t\t<div class=\"elementor-price-table__price\">\n\t\t\t\t\t\t\t\t\t\t\t\t\t\t\t\t\t<span class=\"elementor-price-table__integer-part\">\n\t\t\t\t\t\t80.00\t\t\t\t\t<\/span>\n\t\t\t\t\n\t\t\t\t\n\t\t\t\t<span class=\"elementor-price-table__currency\">CHF<\/span>\n\t\t\t\t\t\t\t\t\t<span class=\"elementor-price-table__period elementor-typo-excluded\">PAR ANN\u00c9E<\/span>\t\t\t\t\t\t\t<\/div>\n\n\t\t\t\t\t\t\t<ul class=\"elementor-price-table__features-list\">\n\t\t\t\t\t\t\t\t\t\t\t<li class=\"elementor-repeater-item-c3e5ede\">\n\t\t\t\t\t\t\t<div class=\"elementor-price-table__feature-inner\">\n\t\t\t\t\t\t\t\t\t\t\t\t\t\t\t\t\t\t\t\t\t\t\t\t\t<span >\n\t\t\t\t\t\t\t\t\t\tBIENFAITEURS\t\t\t\t\t\t\t\t\t<\/span>\n\t\t\t\t\t\t\t\t\t\t\t\t\t\t\t\t<\/div>\n\t\t\t\t\t\t<\/li>\n\t\t\t\t\t\t\t\t\t<\/ul>\n\t\t\t\n\t\t\t\t\t\t\t<div class=\"elementor-price-table__footer\">\n\t\t\t\t\t\t\t\t\t\t\t<a class=\"elementor-price-table__button elementor-button elementor-size-md\" href=\"https:\/\/www.mars-society-switzerland.com\/fr\/\/souscription\/\">\n\t\t\t\t\t\t\tJe souscris\t\t\t\t\t\t<\/a>\n\t\t\t\t\t\n\t\t\t\t\t\t\t\t\t<\/div>\n\t\t\t\t\t<\/div>\n\n\t\t\t\t\t\t<\/div>\n\t\t\t\t<\/div>\n\t\t<div class=\"elementor-element elementor-element-9adffc1 e-con-full e-flex e-con e-child\" data-id=\"9adffc1\" data-element_type=\"container\" data-e-type=\"container\">\n\t\t\t\t<div class=\"elementor-element elementor-element-7b66bd8 elementor-widget elementor-widget-price-table\" data-id=\"7b66bd8\" data-element_type=\"widget\" data-e-type=\"widget\" data-widget_type=\"price-table.default\">\n\t\t\t\t\t\n\t\t<div class=\"elementor-price-table\">\n\t\t\t\t\t\t\t<div class=\"elementor-price-table__header\">\n\t\t\t\t\t\t\t\t\t\t\t<h3 class=\"elementor-price-table__heading\">\n\t\t\t\t\t\tADH\u00c9SION \u00c9TUDIANTS\t\t\t\t\t\t<\/h3>\n\t\t\t\t\t\n\t\t\t\t\t\t\t\t\t<\/div>\n\t\t\t\n\t\t\t<div class=\"elementor-price-table__price\">\n\t\t\t\t\t\t\t\t\t\t\t\t\t\t\t\t\t<span class=\"elementor-price-table__integer-part\">\n\t\t\t\t\t\t20.00\t\t\t\t\t<\/span>\n\t\t\t\t\n\t\t\t\t\n\t\t\t\t<span class=\"elementor-price-table__currency\">CHF<\/span>\n\t\t\t\t\t\t\t\t\t<span class=\"elementor-price-table__period elementor-typo-excluded\">PAR ANN\u00c9E<\/span>\t\t\t\t\t\t\t<\/div>\n\n\t\t\t\t\t\t\t<ul class=\"elementor-price-table__features-list\">\n\t\t\t\t\t\t\t\t\t\t\t<li class=\"elementor-repeater-item-c3e5ede\">\n\t\t\t\t\t\t\t<div class=\"elementor-price-table__feature-inner\">\n\t\t\t\t\t\t\t\t\t\t\t\t\t\t\t\t\t\t\t\t\t\t\t\t\t<span >\n\t\t\t\t\t\t\t\t\t\t\u00c9TUDIANTS\t\t\t\t\t\t\t\t\t<\/span>\n\t\t\t\t\t\t\t\t\t\t\t\t\t\t\t\t<\/div>\n\t\t\t\t\t\t<\/li>\n\t\t\t\t\t\t\t\t\t\t\t<li class=\"elementor-repeater-item-57f5f1d\">\n\t\t\t\t\t\t\t<div class=\"elementor-price-table__feature-inner\">\n\t\t\t\t\t\t\t\t\t\t\t\t\t\t\t\t\t\t\t\t\t\t\t\t\t<span >\n\t\t\t\t\t\t\t\t\t\tMEMBRES AUTRE  MARS SOCIETY\t\t\t\t\t\t\t\t\t<\/span>\n\t\t\t\t\t\t\t\t\t\t\t\t\t\t\t\t<\/div>\n\t\t\t\t\t\t<\/li>\n\t\t\t\t\t\t\t\t\t<\/ul>\n\t\t\t\n\t\t\t\t\t\t\t<div class=\"elementor-price-table__footer\">\n\t\t\t\t\t\t\t\t\t\t\t<a class=\"elementor-price-table__button elementor-button elementor-size-md\" href=\"https:\/\/www.mars-society-switzerland.com\/fr\/\/souscription\/\">\n\t\t\t\t\t\t\tJe souscris\t\t\t\t\t\t<\/a>\n\t\t\t\t\t\n\t\t\t\t\t\t\t\t\t<\/div>\n\t\t\t\t\t<\/div>\n\n\t\t\t\t\t\t<\/div>\n\t\t\t\t<\/div>\n\t\t<div class=\"elementor-element elementor-element-0ad2d72 e-con-full e-flex e-con e-child\" data-id=\"0ad2d72\" data-element_type=\"container\" data-e-type=\"container\">\n\t\t\t\t<div class=\"elementor-element elementor-element-0dcbc3d elementor-widget elementor-widget-price-table\" data-id=\"0dcbc3d\" data-element_type=\"widget\" data-e-type=\"widget\" data-widget_type=\"price-table.default\">\n\t\t\t\t\t\n\t\t<div class=\"elementor-price-table\">\n\t\t\t\t\t\t\t<div class=\"elementor-price-table__header\">\n\t\t\t\t\t\t\t\t\t\t\t<h3 class=\"elementor-price-table__heading\">\n\t\t\t\t\t\tADH\u00c9SION - SOCI\u00c9T\u00c9S\t\t\t\t\t\t<\/h3>\n\t\t\t\t\t\n\t\t\t\t\t\t\t\t\t<\/div>\n\t\t\t\n\t\t\t<div class=\"elementor-price-table__price\">\n\t\t\t\t\t\t\t\t\t\t\t\t\t\t\t\t\t<span class=\"elementor-price-table__integer-part\">\n\t\t\t\t\t\t120.00\t\t\t\t\t<\/span>\n\t\t\t\t\n\t\t\t\t\n\t\t\t\t<span class=\"elementor-price-table__currency\">CHF<\/span>\n\t\t\t\t\t\t\t\t\t<span class=\"elementor-price-table__period elementor-typo-excluded\">PAR ANN\u00c9E<\/span>\t\t\t\t\t\t\t<\/div>\n\n\t\t\t\t\t\t\t<ul class=\"elementor-price-table__features-list\">\n\t\t\t\t\t\t\t\t\t\t\t<li class=\"elementor-repeater-item-0adee56\">\n\t\t\t\t\t\t\t<div class=\"elementor-price-table__feature-inner\">\n\t\t\t\t\t\t\t\t\t\t\t\t\t\t\t\t\t\t\t\t\t\t\t\t\t<span >\n\t\t\t\t\t\t\t\t\t\tPersonnes morales - Associations Soci\u00e9t\u00e9s\t\t\t\t\t\t\t\t\t<\/span>\n\t\t\t\t\t\t\t\t\t\t\t\t\t\t\t\t<\/div>\n\t\t\t\t\t\t<\/li>\n\t\t\t\t\t\t\t\t\t\t\t<li class=\"elementor-repeater-item-c3e5ede\">\n\t\t\t\t\t\t\t<div class=\"elementor-price-table__feature-inner\">\n\t\t\t\t\t\t\t\t\t\t\t\t\t\t\t\t\t\t\t\t\t\t\t\t\t<span >\n\t\t\t\t\t\t\t\t\t\tEntreprises - Collectivit\u00e9s \t\t\t\t\t\t\t\t\t<\/span>\n\t\t\t\t\t\t\t\t\t\t\t\t\t\t\t\t<\/div>\n\t\t\t\t\t\t<\/li>\n\t\t\t\t\t\t\t\t\t<\/ul>\n\t\t\t\n\t\t\t\t\t\t\t<div class=\"elementor-price-table__footer\">\n\t\t\t\t\t\t\t\t\t\t\t<a class=\"elementor-price-table__button elementor-button elementor-size-md\" href=\"https:\/\/www.mars-society-switzerland.com\/fr\/\/souscription\/\">\n\t\t\t\t\t\t\tJe souscris\t\t\t\t\t\t<\/a>\n\t\t\t\t\t\n\t\t\t\t\t\t\t\t\t<\/div>\n\t\t\t\t\t<\/div>\n\n\t\t\t\t\t\t<\/div>\n\t\t\t\t<\/div>\n\t\t\t\t\t<\/div>\n\t\t\t\t<\/div>\n\t\t<div class=\"elementor-element elementor-element-3e1f0a0 e-flex e-con-boxed e-con e-parent\" data-id=\"3e1f0a0\" data-element_type=\"container\" data-e-type=\"container\">\n\t\t\t\t\t<div class=\"e-con-inner\">\n\t\t\t\t<div class=\"elementor-element elementor-element-3f55714 elementor-widget elementor-widget-text-editor\" data-id=\"3f55714\" data-element_type=\"widget\" data-e-type=\"widget\" data-widget_type=\"text-editor.default\">\n\t\t\t\t\t\t\t\t\t<p><b>Les membres de la MSS qui le souhaitent peuvent \u00e9galement adh\u00e9rer \u00e0 l&rsquo;APM (entit\u00e9 fran\u00e7aise de la Mars Society) \u00e0 des conditions privil\u00e9gi\u00e9es (20 euros). Il suffit d&rsquo;effectuer le paiement directement sur le site de l&rsquo;APM (planete-mars.com) en pr\u00e9cisant \u00ab\u00a0membre de la MSS\u00a0\u00bb et d&rsquo;en informer la MSS, <\/b><a href=\"mailto:mars.society.switz@gmail.com\"><b>mars.society.switz@gmail.com<\/b><\/a><b> , en pr\u00e9cisant la date du paiement.<span class=\"Apple-converted-space\">\u00a0<\/span><\/b><\/p><p><b>Par ailleurs, nous vous invitons \u00e0 visiter r\u00e9guli\u00e8rement le site de la Mars Society am\u00e9ricaine\u00a0: <\/b><a href=\"https:\/\/www.marssociety.org\/\"><b>https:\/\/www.marssociety.org\/<\/b><\/a><b>. <\/b><\/p><p><b>Fond\u00e9e par Robert Zubrin, elle est la pionni\u00e8re et \u00ab\u00a0leader\u00a0\u00bb de la \u00ab\u00a0famille\u00a0\u00bb mondiale des associations Mars Society\u00a0: Vous pouvez vous y inscrire \u00e9galement, en vous r\u00e9f\u00e9rant \u00e0 la MSS, mais sans pouvoir b\u00e9n\u00e9ficier de tarification particuli\u00e8re.<\/b><\/p>\t\t\t\t\t\t\t\t<\/div>\n\t\t\t\t\t<\/div>\n\t\t\t\t<\/div>\n\t\t\t\t<\/div>\n\t\t","protected":false},"excerpt":{"rendered":"<p>ADH\u00c9SION L&rsquo;objectif de notre action est de constituer un groupe de sp\u00e9cialistes suisses de l&rsquo;exploration de Mars et de regrouper autour de ce noyau toutes les personnes int\u00e9ress\u00e9es. Nous nous [&hellip;]<\/p>\n","protected":false},"author":1,"featured_media":0,"parent":0,"menu_order":0,"comment_status":"closed","ping_status":"closed","template":"","meta":{"footnotes":""},"class_list":["post-246","page","type-page","status-publish","hentry"],"yoast_head":"<!-- This site is optimized with the Yoast SEO plugin v24.5 - https:\/\/yoast.com\/wordpress\/plugins\/seo\/ -->\n<title>Adh\u00e9sion &#183; Mars Society Switzerland<\/title>\n<meta name=\"description\" content=\"Rejoignez notre communaut\u00e9 passionn\u00e9e par l\u2019exploration de Mars ! Devenez membre et contribuez \u00e0 un projet ambitieux pour l\u2019avenir de l\u2019humanit\u00e9.\" \/>\n<meta name=\"robots\" content=\"index, follow, max-snippet:-1, max-image-preview:large, max-video-preview:-1\" \/>\n<link rel=\"canonical\" href=\"https:\/\/www.mars-society-switzerland.com\/fr\/adhesion\/\" \/>\n<meta property=\"og:locale\" content=\"fr_FR\" \/>\n<meta property=\"og:type\" content=\"article\" \/>\n<meta property=\"og:title\" content=\"Adh\u00e9sion &#183; Mars Society Switzerland\" \/>\n<meta property=\"og:description\" content=\"Rejoignez notre communaut\u00e9 passionn\u00e9e par l\u2019exploration de Mars ! Devenez membre et contribuez \u00e0 un projet ambitieux pour l\u2019avenir de l\u2019humanit\u00e9.\" \/>\n<meta property=\"og:url\" content=\"https:\/\/www.mars-society-switzerland.com\/fr\/adhesion\/\" \/>\n<meta property=\"og:site_name\" content=\"Mars Society Switzerland\" \/>\n<meta property=\"article:modified_time\" content=\"2025-01-30T09:59:14+00:00\" \/>\n<meta name=\"twitter:card\" content=\"summary_large_image\" \/>\n<meta name=\"twitter:label1\" content=\"Dur\u00e9e de lecture estim\u00e9e\" \/>\n\t<meta name=\"twitter:data1\" content=\"2 minutes\" \/>\n<script type=\"application\/ld+json\" class=\"yoast-schema-graph\">{\"@context\":\"https:\/\/schema.org\",\"@graph\":[{\"@type\":\"WebPage\",\"@id\":\"https:\/\/www.mars-society-switzerland.com\/fr\/adhesion\/\",\"url\":\"https:\/\/www.mars-society-switzerland.com\/fr\/adhesion\/\",\"name\":\"Adh\u00e9sion &#183; Mars Society Switzerland\",\"isPartOf\":{\"@id\":\"https:\/\/www.mars-society-switzerland.com\/fr\/#website\"},\"datePublished\":\"2025-01-13T09:07:09+00:00\",\"dateModified\":\"2025-01-30T09:59:14+00:00\",\"description\":\"Rejoignez notre communaut\u00e9 passionn\u00e9e par l\u2019exploration de Mars ! Devenez membre et contribuez \u00e0 un projet ambitieux pour l\u2019avenir de l\u2019humanit\u00e9.\",\"breadcrumb\":{\"@id\":\"https:\/\/www.mars-society-switzerland.com\/fr\/adhesion\/#breadcrumb\"},\"inLanguage\":\"fr-FR\",\"potentialAction\":[{\"@type\":\"ReadAction\",\"target\":[\"https:\/\/www.mars-society-switzerland.com\/fr\/adhesion\/\"]}]},{\"@type\":\"BreadcrumbList\",\"@id\":\"https:\/\/www.mars-society-switzerland.com\/fr\/adhesion\/#breadcrumb\",\"itemListElement\":[{\"@type\":\"ListItem\",\"position\":1,\"name\":\"Accueil\",\"item\":\"https:\/\/www.mars-society-switzerland.com\/fr\/\"},{\"@type\":\"ListItem\",\"position\":2,\"name\":\"Adh\u00e9sion\"}]},{\"@type\":\"WebSite\",\"@id\":\"https:\/\/www.mars-society-switzerland.com\/fr\/#website\",\"url\":\"https:\/\/www.mars-society-switzerland.com\/fr\/\",\"name\":\"Mars Society Switzerland\",\"description\":\"Aller sur Mars pour mieux comprendre a Terre\",\"publisher\":{\"@id\":\"https:\/\/www.mars-society-switzerland.com\/fr\/#organization\"},\"potentialAction\":[{\"@type\":\"SearchAction\",\"target\":{\"@type\":\"EntryPoint\",\"urlTemplate\":\"https:\/\/www.mars-society-switzerland.com\/fr\/?s={search_term_string}\"},\"query-input\":{\"@type\":\"PropertyValueSpecification\",\"valueRequired\":true,\"valueName\":\"search_term_string\"}}],\"inLanguage\":\"fr-FR\"},{\"@type\":\"Organization\",\"@id\":\"https:\/\/www.mars-society-switzerland.com\/fr\/#organization\",\"name\":\"Mars Society Switzerland\",\"url\":\"https:\/\/www.mars-society-switzerland.com\/fr\/\",\"logo\":{\"@type\":\"ImageObject\",\"inLanguage\":\"fr-FR\",\"@id\":\"https:\/\/www.mars-society-switzerland.com\/fr\/#\/schema\/logo\/image\/\",\"url\":\"https:\/\/www.mars-society-switzerland.com\/wp-content\/uploads\/2025\/01\/LOGO.svg\",\"contentUrl\":\"https:\/\/www.mars-society-switzerland.com\/wp-content\/uploads\/2025\/01\/LOGO.svg\",\"caption\":\"Mars Society Switzerland\"},\"image\":{\"@id\":\"https:\/\/www.mars-society-switzerland.com\/fr\/#\/schema\/logo\/image\/\"}}]}<\/script>\n<!-- \/ Yoast SEO plugin. -->","yoast_head_json":{"title":"Adh\u00e9sion &#183; Mars Society Switzerland","description":"Rejoignez notre communaut\u00e9 passionn\u00e9e par l\u2019exploration de Mars ! Devenez membre et contribuez \u00e0 un projet ambitieux pour l\u2019avenir de l\u2019humanit\u00e9.","robots":{"index":"index","follow":"follow","max-snippet":"max-snippet:-1","max-image-preview":"max-image-preview:large","max-video-preview":"max-video-preview:-1"},"canonical":"https:\/\/www.mars-society-switzerland.com\/fr\/adhesion\/","og_locale":"fr_FR","og_type":"article","og_title":"Adh\u00e9sion &#183; Mars Society Switzerland","og_description":"Rejoignez notre communaut\u00e9 passionn\u00e9e par l\u2019exploration de Mars ! Devenez membre et contribuez \u00e0 un projet ambitieux pour l\u2019avenir de l\u2019humanit\u00e9.","og_url":"https:\/\/www.mars-society-switzerland.com\/fr\/adhesion\/","og_site_name":"Mars Society Switzerland","article_modified_time":"2025-01-30T09:59:14+00:00","twitter_card":"summary_large_image","twitter_misc":{"Dur\u00e9e de lecture estim\u00e9e":"2 minutes"},"schema":{"@context":"https:\/\/schema.org","@graph":[{"@type":"WebPage","@id":"https:\/\/www.mars-society-switzerland.com\/fr\/adhesion\/","url":"https:\/\/www.mars-society-switzerland.com\/fr\/adhesion\/","name":"Adh\u00e9sion &#183; Mars Society Switzerland","isPartOf":{"@id":"https:\/\/www.mars-society-switzerland.com\/fr\/#website"},"datePublished":"2025-01-13T09:07:09+00:00","dateModified":"2025-01-30T09:59:14+00:00","description":"Rejoignez notre communaut\u00e9 passionn\u00e9e par l\u2019exploration de Mars ! Devenez membre et contribuez \u00e0 un projet ambitieux pour l\u2019avenir de l\u2019humanit\u00e9.","breadcrumb":{"@id":"https:\/\/www.mars-society-switzerland.com\/fr\/adhesion\/#breadcrumb"},"inLanguage":"fr-FR","potentialAction":[{"@type":"ReadAction","target":["https:\/\/www.mars-society-switzerland.com\/fr\/adhesion\/"]}]},{"@type":"BreadcrumbList","@id":"https:\/\/www.mars-society-switzerland.com\/fr\/adhesion\/#breadcrumb","itemListElement":[{"@type":"ListItem","position":1,"name":"Accueil","item":"https:\/\/www.mars-society-switzerland.com\/fr\/"},{"@type":"ListItem","position":2,"name":"Adh\u00e9sion"}]},{"@type":"WebSite","@id":"https:\/\/www.mars-society-switzerland.com\/fr\/#website","url":"https:\/\/www.mars-society-switzerland.com\/fr\/","name":"Mars Society Switzerland","description":"Aller sur Mars pour mieux comprendre a Terre","publisher":{"@id":"https:\/\/www.mars-society-switzerland.com\/fr\/#organization"},"potentialAction":[{"@type":"SearchAction","target":{"@type":"EntryPoint","urlTemplate":"https:\/\/www.mars-society-switzerland.com\/fr\/?s={search_term_string}"},"query-input":{"@type":"PropertyValueSpecification","valueRequired":true,"valueName":"search_term_string"}}],"inLanguage":"fr-FR"},{"@type":"Organization","@id":"https:\/\/www.mars-society-switzerland.com\/fr\/#organization","name":"Mars Society Switzerland","url":"https:\/\/www.mars-society-switzerland.com\/fr\/","logo":{"@type":"ImageObject","inLanguage":"fr-FR","@id":"https:\/\/www.mars-society-switzerland.com\/fr\/#\/schema\/logo\/image\/","url":"https:\/\/www.mars-society-switzerland.com\/wp-content\/uploads\/2025\/01\/LOGO.svg","contentUrl":"https:\/\/www.mars-society-switzerland.com\/wp-content\/uploads\/2025\/01\/LOGO.svg","caption":"Mars Society Switzerland"},"image":{"@id":"https:\/\/www.mars-society-switzerland.com\/fr\/#\/schema\/logo\/image\/"}}]}},"_links":{"self":[{"href":"https:\/\/www.mars-society-switzerland.com\/fr\/wp-json\/wp\/v2\/pages\/246","targetHints":{"allow":["GET"]}}],"collection":[{"href":"https:\/\/www.mars-society-switzerland.com\/fr\/wp-json\/wp\/v2\/pages"}],"about":[{"href":"https:\/\/www.mars-society-switzerland.com\/fr\/wp-json\/wp\/v2\/types\/page"}],"author":[{"embeddable":true,"href":"https:\/\/www.mars-society-switzerland.com\/fr\/wp-json\/wp\/v2\/users\/1"}],"replies":[{"embeddable":true,"href":"https:\/\/www.mars-society-switzerland.com\/fr\/wp-json\/wp\/v2\/comments?post=246"}],"version-history":[{"count":13,"href":"https:\/\/www.mars-society-switzerland.com\/fr\/wp-json\/wp\/v2\/pages\/246\/revisions"}],"predecessor-version":[{"id":353,"href":"https:\/\/www.mars-society-switzerland.com\/fr\/wp-json\/wp\/v2\/pages\/246\/revisions\/353"}],"wp:attachment":[{"href":"https:\/\/www.mars-society-switzerland.com\/fr\/wp-json\/wp\/v2\/media?parent=246"}],"curies":[{"name":"wp","href":"https:\/\/api.w.org\/{rel}","templated":true}]}}