{"id":191,"date":"2025-01-10T16:12:52","date_gmt":"2025-01-10T16:12:52","guid":{"rendered":"https:\/\/www.mars-society-switzerland.com\/fr\/\/?page_id=191"},"modified":"2025-01-30T10:02:55","modified_gmt":"2025-01-30T10:02:55","slug":"planetologie","status":"publish","type":"page","link":"https:\/\/www.mars-society-switzerland.com\/fr\/informations\/planetologie\/","title":{"rendered":"Plan\u00e9tologie"},"content":{"rendered":"\t\t<div data-elementor-type=\"wp-page\" data-elementor-id=\"191\" class=\"elementor elementor-191\" data-elementor-post-type=\"page\">\n\t\t\t\t<div class=\"elementor-element elementor-element-07142c3 e-flex e-con-boxed e-con e-parent\" data-id=\"07142c3\" data-element_type=\"container\" data-e-type=\"container\">\n\t\t\t\t\t<div class=\"e-con-inner\">\n\t\t\t\t<div class=\"elementor-element elementor-element-1455b95 elementor-widget elementor-widget-breadcrumbs\" data-id=\"1455b95\" data-element_type=\"widget\" data-e-type=\"widget\" data-widget_type=\"breadcrumbs.default\">\n\t\t\t\t\t<p id=\"breadcrumbs\"><span><span><a href=\"https:\/\/www.mars-society-switzerland.com\/fr\/\">Accueil<\/a><\/span><\/span><\/p>\t\t\t\t<\/div>\n\t\t\t\t<div class=\"elementor-element elementor-element-0359d5d elementor-widget elementor-widget-heading\" data-id=\"0359d5d\" data-element_type=\"widget\" data-e-type=\"widget\" data-widget_type=\"heading.default\">\n\t\t\t\t\t<h2 class=\"elementor-heading-title elementor-size-default\">Plan\u00e9tologie<\/h2>\t\t\t\t<\/div>\n\t\t\t\t<div class=\"elementor-element elementor-element-49447a6 elementor-widget elementor-widget-text-editor\" data-id=\"49447a6\" data-element_type=\"widget\" data-e-type=\"widget\" data-widget_type=\"text-editor.default\">\n\t\t\t\t\t\t\t\t\t<p><img fetchpriority=\"high\" decoding=\"async\" class=\"size-medium wp-image-505 alignright\" src=\"https:\/\/www.mars-society-switzerland.com\/wp-content\/uploads\/2025\/01\/Crater-Gale-3816_PIA15293_closeup_MtSharp-full2-300x169.jpg\" alt=\"\" width=\"300\" height=\"169\" srcset=\"https:\/\/www.mars-society-switzerland.com\/wp-content\/uploads\/2025\/01\/Crater-Gale-3816_PIA15293_closeup_MtSharp-full2-300x169.jpg 300w, https:\/\/www.mars-society-switzerland.com\/wp-content\/uploads\/2025\/01\/Crater-Gale-3816_PIA15293_closeup_MtSharp-full2-1024x576.jpg 1024w, https:\/\/www.mars-society-switzerland.com\/wp-content\/uploads\/2025\/01\/Crater-Gale-3816_PIA15293_closeup_MtSharp-full2-768x432.jpg 768w, https:\/\/www.mars-society-switzerland.com\/wp-content\/uploads\/2025\/01\/Crater-Gale-3816_PIA15293_closeup_MtSharp-full2-1536x864.jpg 1536w, https:\/\/www.mars-society-switzerland.com\/wp-content\/uploads\/2025\/01\/Crater-Gale-3816_PIA15293_closeup_MtSharp-full2-2048x1152.jpg 2048w\" sizes=\"(max-width: 300px) 100vw, 300px\" \/>Mars n&rsquo;est pas n&rsquo;importe quel corps c\u00e9leste, il est devenu un objet g\u00e9ologique et g\u00e9ographique.<\/p><div class=\"catItemBody\"><div class=\"catItemIntroText\"><p>En dehors de la Terre, Mars est maintenant la plan\u00e8te qui est le corps c\u00e9leste le plus connu. C&rsquo;est parce qu&rsquo;il est le plus accessible et le plus semblable \u00e0 la Terre.<\/p><p>Mars est semblable \u00e0 la Terre en ce sens que c&rsquo;est une plan\u00e8te rocheuse qui a \u00e9t\u00e9 form\u00e9e pr\u00e8s de la Terre, en m\u00eame temps, avec le m\u00eame mat\u00e9riel et dans la zone habitable du Soleil (m\u00eame si situ\u00e9e \u00e0 sa marge). La diff\u00e9rence est principalement sa masse et cela a eu des cons\u00e9quences tr\u00e8s importantes. Apr\u00e8s la brillante d\u00e9monstration de l\u2019astrophysicien Alessandro Morbidelli, la plupart des gens s&rsquo;accordent sur son hypoth\u00e8se selon laquelle la plan\u00e8te gazeuse g\u00e9ante Jupiter a commenc\u00e9 son accr\u00e9tion au-del\u00e0 de la ligne de glace (\u00e0 environ 3,5 UA) avant que les plan\u00e8tes du syst\u00e8me solaire interne commencent \u00e0 agr\u00e9ger leur propre mati\u00e8re. Quand elle fut assez massive, elle commen\u00e7a \u00e0 spiraler lentement vers le soleil dans le processus d&rsquo;absorption de la mati\u00e8re dans sa sph\u00e8re de Hill. Elle le fit en attirant Saturne dans son sillage (envoie de mati\u00e8re dans sa direction dans le cadre d\u2019une r\u00e9sonance orbitale favorable) et c&rsquo;est seulement lorsque les deux plan\u00e8tes entr\u00e8rent dans une autre r\u00e9sonance les stabilisant, que le couple repartit vers l&rsquo;ext\u00e9rieur du syst\u00e8me. \u00c0 ce moment-l\u00e0, Jupiter avait atteint une distance de 1,5 UA au Soleil, pr\u00e8s de l&rsquo;endroit o\u00f9 Mars \u00e9voluerait par la suite et une grande partie de la mati\u00e8re qui aurait pu \u00eatre utilis\u00e9e par Mars pour grandir avait \u00e9t\u00e9 aval\u00e9e par \u00ab\u00a0le monstre\u00a0\u00bb. Si Saturne n\u2019avait pas en quelque sorte \u00ab\u00a0retenu\u00a0\u00bb Jupiter, il n\u2019y aurait pas de plan\u00e8te rocheuse dans notre syst\u00e8me solaire int\u00e9rieur, seulement comme dans beaucoup de syst\u00e8me stellaire, un Jupiter chaud orbitant tr\u00e8s pr\u00e8s de son \u00e9toile. Quand Mars se constitua, il ne put que prendre la mati\u00e8re qui restait \u00e0 sa distance du Soleil. Le r\u00e9sultat est que la masse de Mars n&rsquo;est qu&rsquo;un dixi\u00e8me de celle de la Terre (ou de V\u00e9nus).<\/p><p>Les cons\u00e9quences sont nombreuses:<br \/>Premi\u00e8rement, la quantit\u00e9 de mati\u00e8res radioactives en d\u00e9sint\u00e9gration \u00e0 l&rsquo;int\u00e9rieur de la plan\u00e8te (thorium, potassium et uranium) est moins importante qu&rsquo;elle aurait d\u00fb l&rsquo;\u00eatre et la chaleur produite par cette d\u00e9sint\u00e9gration a \u00e9t\u00e9 moins \u00e9lev\u00e9e; en cons\u00e9quence, la plan\u00e8te s&rsquo;est refroidie plus vite que la Terre et sa cro\u00fbte s&rsquo;est \u00e9paissie plus rapidement; deuxi\u00e8mement, l&rsquo;attraction gravitationnelle g\u00e9n\u00e9r\u00e9e par la masse a \u00e9t\u00e9 plus faible; par cons\u00e9quent, la plan\u00e8te a perdu la majeure partie de son atmosph\u00e8re rapidement. Elle \u00e9tait d\u00e9j\u00e0 \u00e0 peu pr\u00e8s la m\u00eame qu&rsquo;aujourd&rsquo;hui il y a environ 4 milliards d&rsquo;ann\u00e9es. De nombreux \u00e9pisodes volcaniques subs\u00e9quents ont restitu\u00e9 p\u00e9riodiquement une atmosph\u00e8re relativement importante, mais lorsque le volcanisme s&rsquo;est calm\u00e9 (relativement plus rapidement que sur Terre en raison de la cro\u00fbte \u00e9paisse), il y a environ 3,5 milliards d&rsquo;ann\u00e9es, le volume et le niveau de pression atmosph\u00e9riques sont rest\u00e9s faibles la plupart du temps. Une basse pression signifie une possibilit\u00e9 tr\u00e8s limit\u00e9e d&rsquo;eau liquide et des radiations abondantes atteignant le sol. La faible gravit\u00e9 eu une autre cons\u00e9quence n\u00e9gative: elle a attir\u00e9 probablement moins d&rsquo;ast\u00e9ro\u00efdes et de com\u00e8tes charg\u00e9es de glace\u00a0; il en est r\u00e9sult\u00e9 moins d&rsquo;eau au sol. Cela signifie que la teneur en eau (non recycl\u00e9e par la tectonique des plaques) de la plan\u00e8te \u00e9tait peut-\u00eatre moins importante que celle de la Terre, ce qui a induit moins de ductilit\u00e9 de la cro\u00fbte et une tr\u00e8s courte p\u00e9riode de tectonique de plaques flottant sur le magma du manteau.<\/p><p>Sans tectonique des plaques, les roches ne purent \u00eatre malax\u00e9es, enrichies et renouvel\u00e9es en permanence, et le volcanisme dut \u00eatre plus catastrophique que permanent et plus stable g\u00e9ographiquement (Tharsis) que sur Terre puisqu\u2019il \u00e9tait tr\u00e8s difficile \u00e0 la lave de trouver un chemin jusqu\u2019\u00e0 la surface.<\/p><p>L&rsquo;avantage pour nous est que, apr\u00e8s une p\u00e9riode relativement courte (quelques centaines de millions d&rsquo;ann\u00e9es) pendant laquelle Mars a \u00e9t\u00e9 recouverte d&rsquo;eau liquide sous une atmosph\u00e8re assez \u00e9paisse, elle est devenue aride, sauf pour des r\u00e9veils de plus en plus exceptionnels, et qu\u2019elle maintient l&rsquo;image d\u2019une terre ancienne tr\u00e8s peu modifi\u00e9e par l&rsquo;\u00e9rosion (en dehors d\u2019un volcanisme intermittent et d\u2019une \u00e9rosion \u00e9olienne constante).<\/p><p>Aujourd&rsquo;hui, Mars pr\u00e9sente deux r\u00e9gions assez diff\u00e9rentes en raison d&rsquo;une spectaculaire \u00ab\u00a0dichotomie crustale\u00a0\u00bb (peut-\u00eatre l\u2019accr\u00e9tion d\u2019un dernier plan\u00e9to\u00efde g\u00e9ant non compl\u00e9tement r\u00e9pandu \u00e0 sa surface). En gros, la surface de l&rsquo;h\u00e9misph\u00e8re Nord est lisse et se trouve \u00e0 plusieurs kilom\u00e8tres (jusqu&rsquo;\u00e0 plus de 4 km) sous le niveau d&rsquo;altitude moyen, le \u00ab\u00a0datum\u00a0\u00bb (\u00abniveau de r\u00e9f\u00e9rence\u00bb). Il est le plus souvent couvert de lave (il y a d&rsquo;\u00e9normes volcans \u00e0 la p\u00e9riph\u00e9rie du datum) et de d\u00e9bris provenant d&rsquo;inondations catastrophiques venus par de gigantesques failles et fleuves ayant leur sources dans les Southern Highlands. La surface de l&rsquo;h\u00e9misph\u00e8re Sud est beaucoup plus \u00e9lev\u00e9e que le datum et elle est tr\u00e8s crat\u00e9ris\u00e9e et beaucoup plus ancienne. C&rsquo;est donc dans l&rsquo;h\u00e9misph\u00e8re Sud que l&rsquo;on peut trouver la plus grande partie de la plus ancienne surface de Mars (plus de 3,5 milliards d\u2019ann\u00e9es), celle qui reste un t\u00e9moignage de l&rsquo;\u00e9poque o\u00f9 il y avait de l&rsquo;eau liquide sur la plan\u00e8te pendant de tr\u00e8s longues p\u00e9riodes de temps. Il existe m\u00eame des zones o\u00f9 des champs magn\u00e9tiques fossiles peuvent encore \u00eatre observ\u00e9s. Malheureusement les hautes-terres sont plus difficiles d&rsquo;acc\u00e8s (\u00e0 partir de l\u2019espace) que les basses-terres parce que le terrain est couvert d&rsquo;obstacles (crat\u00e8res) et \u00e9tant plus \u00e9lev\u00e9es, elles sont recouvertes d&rsquo;une atmosph\u00e8re plus mince, offrant moins de capacit\u00e9 de portance aux vaisseaux qui viennent de la Terre.<\/p><p>Avec moins de pression int\u00e9rieure, probablement pas de noyau solide (seulement liquide, \u00e0 confirmer par la mission InSight) la plan\u00e8te n\u2019a pu g\u00e9n\u00e9rer un champ magn\u00e9tique global tr\u00e8s longtemps. Les cons\u00e9quences sont que les radiations solaires ont un acc\u00e8s plus facile \u00e0 la surface que sur Terre et la st\u00e9rilise depuis des milliards d&rsquo;ann\u00e9es (sauf par intermittence).<\/p><p>Pour les futurs astronautes, une caract\u00e9ristique positive est la pr\u00e9sence de glace permanente recouverte d&rsquo;une fine couche de r\u00e9golite dans de nombreuses r\u00e9gions de la plan\u00e8te, m\u00eame dans la zone intertropicale. Ceci est d\u00fb au fait que la plan\u00e8te n&rsquo;est pas stabilis\u00e9e comme la Terre par une Lune importante et qu&rsquo;elle change souvent d&rsquo;obliquit\u00e9, probablement tous les 120.000 \u00e0 140.000 ans environ. Il n&rsquo;y aura pas besoin d&rsquo;aller aux p\u00f4les pour trouver de la glace!<\/p><\/div><\/div>\t\t\t\t\t\t\t\t<\/div>\n\t\t\t\t\t<\/div>\n\t\t\t\t<\/div>\n\t\t\t\t<\/div>\n\t\t","protected":false},"excerpt":{"rendered":"<p>Plan\u00e9tologie Mars n&rsquo;est pas n&rsquo;importe quel corps c\u00e9leste, il est devenu un objet g\u00e9ologique et g\u00e9ographique. En dehors de la Terre, Mars est maintenant la plan\u00e8te qui est le corps [&hellip;]<\/p>\n","protected":false},"author":1,"featured_media":0,"parent":37,"menu_order":0,"comment_status":"closed","ping_status":"closed","template":"","meta":{"footnotes":""},"class_list":["post-191","page","type-page","status-publish","hentry"],"yoast_head":"<!-- This site is optimized with the Yoast SEO plugin v24.5 - https:\/\/yoast.com\/wordpress\/plugins\/seo\/ -->\n<title>Plan\u00e9tologie &#183; Mars Society Switzerland<\/title>\n<meta name=\"description\" content=\"L\u2019eau, cl\u00e9 de la vie sur Mars ! D\u00e9couvrez les derni\u00e8res d\u00e9couvertes sur la pr\u00e9sence d\u2019eau martienne et son r\u00f4le essentiel pour les futures missions habit\u00e9es.\" \/>\n<meta name=\"robots\" content=\"index, follow, max-snippet:-1, max-image-preview:large, max-video-preview:-1\" \/>\n<link rel=\"canonical\" href=\"https:\/\/www.mars-society-switzerland.com\/fr\/informations\/planetologie\/\" \/>\n<meta property=\"og:locale\" content=\"fr_FR\" \/>\n<meta property=\"og:type\" content=\"article\" \/>\n<meta property=\"og:title\" content=\"Plan\u00e9tologie &#183; Mars Society Switzerland\" \/>\n<meta property=\"og:description\" content=\"L\u2019eau, cl\u00e9 de la vie sur Mars ! D\u00e9couvrez les derni\u00e8res d\u00e9couvertes sur la pr\u00e9sence d\u2019eau martienne et son r\u00f4le essentiel pour les futures missions habit\u00e9es.\" \/>\n<meta property=\"og:url\" content=\"https:\/\/www.mars-society-switzerland.com\/fr\/informations\/planetologie\/\" \/>\n<meta property=\"og:site_name\" content=\"Mars Society Switzerland\" \/>\n<meta property=\"article:modified_time\" content=\"2025-01-30T10:02:55+00:00\" \/>\n<meta property=\"og:image\" content=\"https:\/\/www.mars-society-switzerland.com\/wp-content\/uploads\/2025\/01\/Crater-Gale-3816_PIA15293_closeup_MtSharp-full2-300x169.jpg\" \/>\n<meta name=\"twitter:card\" content=\"summary_large_image\" \/>\n<meta name=\"twitter:label1\" content=\"Dur\u00e9e de lecture estim\u00e9e\" \/>\n\t<meta name=\"twitter:data1\" content=\"6 minutes\" \/>\n<script type=\"application\/ld+json\" class=\"yoast-schema-graph\">{\"@context\":\"https:\/\/schema.org\",\"@graph\":[{\"@type\":\"WebPage\",\"@id\":\"https:\/\/www.mars-society-switzerland.com\/fr\/informations\/planetologie\/\",\"url\":\"https:\/\/www.mars-society-switzerland.com\/fr\/informations\/planetologie\/\",\"name\":\"Plan\u00e9tologie &#183; Mars Society Switzerland\",\"isPartOf\":{\"@id\":\"https:\/\/www.mars-society-switzerland.com\/fr\/#website\"},\"primaryImageOfPage\":{\"@id\":\"https:\/\/www.mars-society-switzerland.com\/fr\/informations\/planetologie\/#primaryimage\"},\"image\":{\"@id\":\"https:\/\/www.mars-society-switzerland.com\/fr\/informations\/planetologie\/#primaryimage\"},\"thumbnailUrl\":\"https:\/\/www.mars-society-switzerland.com\/wp-content\/uploads\/2025\/01\/Crater-Gale-3816_PIA15293_closeup_MtSharp-full2-300x169.jpg\",\"datePublished\":\"2025-01-10T16:12:52+00:00\",\"dateModified\":\"2025-01-30T10:02:55+00:00\",\"description\":\"L\u2019eau, cl\u00e9 de la vie sur Mars ! D\u00e9couvrez les derni\u00e8res d\u00e9couvertes sur la pr\u00e9sence d\u2019eau martienne et son r\u00f4le essentiel pour les futures missions habit\u00e9es.\",\"breadcrumb\":{\"@id\":\"https:\/\/www.mars-society-switzerland.com\/fr\/informations\/planetologie\/#breadcrumb\"},\"inLanguage\":\"fr-FR\",\"potentialAction\":[{\"@type\":\"ReadAction\",\"target\":[\"https:\/\/www.mars-society-switzerland.com\/fr\/informations\/planetologie\/\"]}]},{\"@type\":\"ImageObject\",\"inLanguage\":\"fr-FR\",\"@id\":\"https:\/\/www.mars-society-switzerland.com\/fr\/informations\/planetologie\/#primaryimage\",\"url\":\"https:\/\/www.mars-society-switzerland.com\/wp-content\/uploads\/2025\/01\/Crater-Gale-3816_PIA15293_closeup_MtSharp-full2-300x169.jpg\",\"contentUrl\":\"https:\/\/www.mars-society-switzerland.com\/wp-content\/uploads\/2025\/01\/Crater-Gale-3816_PIA15293_closeup_MtSharp-full2-300x169.jpg\"},{\"@type\":\"BreadcrumbList\",\"@id\":\"https:\/\/www.mars-society-switzerland.com\/fr\/informations\/planetologie\/#breadcrumb\",\"itemListElement\":[{\"@type\":\"ListItem\",\"position\":1,\"name\":\"Accueil\",\"item\":\"https:\/\/www.mars-society-switzerland.com\/fr\/\"},{\"@type\":\"ListItem\",\"position\":2,\"name\":\"Informations\",\"item\":\"https:\/\/www.mars-society-switzerland.com\/fr\/informations\/\"},{\"@type\":\"ListItem\",\"position\":3,\"name\":\"Plan\u00e9tologie\"}]},{\"@type\":\"WebSite\",\"@id\":\"https:\/\/www.mars-society-switzerland.com\/fr\/#website\",\"url\":\"https:\/\/www.mars-society-switzerland.com\/fr\/\",\"name\":\"Mars Society Switzerland\",\"description\":\"Aller sur Mars pour mieux comprendre a Terre\",\"publisher\":{\"@id\":\"https:\/\/www.mars-society-switzerland.com\/fr\/#organization\"},\"potentialAction\":[{\"@type\":\"SearchAction\",\"target\":{\"@type\":\"EntryPoint\",\"urlTemplate\":\"https:\/\/www.mars-society-switzerland.com\/fr\/?s={search_term_string}\"},\"query-input\":{\"@type\":\"PropertyValueSpecification\",\"valueRequired\":true,\"valueName\":\"search_term_string\"}}],\"inLanguage\":\"fr-FR\"},{\"@type\":\"Organization\",\"@id\":\"https:\/\/www.mars-society-switzerland.com\/fr\/#organization\",\"name\":\"Mars Society Switzerland\",\"url\":\"https:\/\/www.mars-society-switzerland.com\/fr\/\",\"logo\":{\"@type\":\"ImageObject\",\"inLanguage\":\"fr-FR\",\"@id\":\"https:\/\/www.mars-society-switzerland.com\/fr\/#\/schema\/logo\/image\/\",\"url\":\"https:\/\/www.mars-society-switzerland.com\/wp-content\/uploads\/2025\/01\/LOGO.svg\",\"contentUrl\":\"https:\/\/www.mars-society-switzerland.com\/wp-content\/uploads\/2025\/01\/LOGO.svg\",\"caption\":\"Mars Society Switzerland\"},\"image\":{\"@id\":\"https:\/\/www.mars-society-switzerland.com\/fr\/#\/schema\/logo\/image\/\"}}]}<\/script>\n<!-- \/ Yoast SEO plugin. -->","yoast_head_json":{"title":"Plan\u00e9tologie &#183; Mars Society Switzerland","description":"L\u2019eau, cl\u00e9 de la vie sur Mars ! D\u00e9couvrez les derni\u00e8res d\u00e9couvertes sur la pr\u00e9sence d\u2019eau martienne et son r\u00f4le essentiel pour les futures missions habit\u00e9es.","robots":{"index":"index","follow":"follow","max-snippet":"max-snippet:-1","max-image-preview":"max-image-preview:large","max-video-preview":"max-video-preview:-1"},"canonical":"https:\/\/www.mars-society-switzerland.com\/fr\/informations\/planetologie\/","og_locale":"fr_FR","og_type":"article","og_title":"Plan\u00e9tologie &#183; Mars Society Switzerland","og_description":"L\u2019eau, cl\u00e9 de la vie sur Mars ! D\u00e9couvrez les derni\u00e8res d\u00e9couvertes sur la pr\u00e9sence d\u2019eau martienne et son r\u00f4le essentiel pour les futures missions habit\u00e9es.","og_url":"https:\/\/www.mars-society-switzerland.com\/fr\/informations\/planetologie\/","og_site_name":"Mars Society Switzerland","article_modified_time":"2025-01-30T10:02:55+00:00","og_image":[{"url":"https:\/\/www.mars-society-switzerland.com\/wp-content\/uploads\/2025\/01\/Crater-Gale-3816_PIA15293_closeup_MtSharp-full2-300x169.jpg","type":"","width":"","height":""}],"twitter_card":"summary_large_image","twitter_misc":{"Dur\u00e9e de lecture estim\u00e9e":"6 minutes"},"schema":{"@context":"https:\/\/schema.org","@graph":[{"@type":"WebPage","@id":"https:\/\/www.mars-society-switzerland.com\/fr\/informations\/planetologie\/","url":"https:\/\/www.mars-society-switzerland.com\/fr\/informations\/planetologie\/","name":"Plan\u00e9tologie &#183; Mars Society Switzerland","isPartOf":{"@id":"https:\/\/www.mars-society-switzerland.com\/fr\/#website"},"primaryImageOfPage":{"@id":"https:\/\/www.mars-society-switzerland.com\/fr\/informations\/planetologie\/#primaryimage"},"image":{"@id":"https:\/\/www.mars-society-switzerland.com\/fr\/informations\/planetologie\/#primaryimage"},"thumbnailUrl":"https:\/\/www.mars-society-switzerland.com\/wp-content\/uploads\/2025\/01\/Crater-Gale-3816_PIA15293_closeup_MtSharp-full2-300x169.jpg","datePublished":"2025-01-10T16:12:52+00:00","dateModified":"2025-01-30T10:02:55+00:00","description":"L\u2019eau, cl\u00e9 de la vie sur Mars ! D\u00e9couvrez les derni\u00e8res d\u00e9couvertes sur la pr\u00e9sence d\u2019eau martienne et son r\u00f4le essentiel pour les futures missions habit\u00e9es.","breadcrumb":{"@id":"https:\/\/www.mars-society-switzerland.com\/fr\/informations\/planetologie\/#breadcrumb"},"inLanguage":"fr-FR","potentialAction":[{"@type":"ReadAction","target":["https:\/\/www.mars-society-switzerland.com\/fr\/informations\/planetologie\/"]}]},{"@type":"ImageObject","inLanguage":"fr-FR","@id":"https:\/\/www.mars-society-switzerland.com\/fr\/informations\/planetologie\/#primaryimage","url":"https:\/\/www.mars-society-switzerland.com\/wp-content\/uploads\/2025\/01\/Crater-Gale-3816_PIA15293_closeup_MtSharp-full2-300x169.jpg","contentUrl":"https:\/\/www.mars-society-switzerland.com\/wp-content\/uploads\/2025\/01\/Crater-Gale-3816_PIA15293_closeup_MtSharp-full2-300x169.jpg"},{"@type":"BreadcrumbList","@id":"https:\/\/www.mars-society-switzerland.com\/fr\/informations\/planetologie\/#breadcrumb","itemListElement":[{"@type":"ListItem","position":1,"name":"Accueil","item":"https:\/\/www.mars-society-switzerland.com\/fr\/"},{"@type":"ListItem","position":2,"name":"Informations","item":"https:\/\/www.mars-society-switzerland.com\/fr\/informations\/"},{"@type":"ListItem","position":3,"name":"Plan\u00e9tologie"}]},{"@type":"WebSite","@id":"https:\/\/www.mars-society-switzerland.com\/fr\/#website","url":"https:\/\/www.mars-society-switzerland.com\/fr\/","name":"Mars Society Switzerland","description":"Aller sur Mars pour mieux comprendre a Terre","publisher":{"@id":"https:\/\/www.mars-society-switzerland.com\/fr\/#organization"},"potentialAction":[{"@type":"SearchAction","target":{"@type":"EntryPoint","urlTemplate":"https:\/\/www.mars-society-switzerland.com\/fr\/?s={search_term_string}"},"query-input":{"@type":"PropertyValueSpecification","valueRequired":true,"valueName":"search_term_string"}}],"inLanguage":"fr-FR"},{"@type":"Organization","@id":"https:\/\/www.mars-society-switzerland.com\/fr\/#organization","name":"Mars Society Switzerland","url":"https:\/\/www.mars-society-switzerland.com\/fr\/","logo":{"@type":"ImageObject","inLanguage":"fr-FR","@id":"https:\/\/www.mars-society-switzerland.com\/fr\/#\/schema\/logo\/image\/","url":"https:\/\/www.mars-society-switzerland.com\/wp-content\/uploads\/2025\/01\/LOGO.svg","contentUrl":"https:\/\/www.mars-society-switzerland.com\/wp-content\/uploads\/2025\/01\/LOGO.svg","caption":"Mars Society Switzerland"},"image":{"@id":"https:\/\/www.mars-society-switzerland.com\/fr\/#\/schema\/logo\/image\/"}}]}},"_links":{"self":[{"href":"https:\/\/www.mars-society-switzerland.com\/fr\/wp-json\/wp\/v2\/pages\/191","targetHints":{"allow":["GET"]}}],"collection":[{"href":"https:\/\/www.mars-society-switzerland.com\/fr\/wp-json\/wp\/v2\/pages"}],"about":[{"href":"https:\/\/www.mars-society-switzerland.com\/fr\/wp-json\/wp\/v2\/types\/page"}],"author":[{"embeddable":true,"href":"https:\/\/www.mars-society-switzerland.com\/fr\/wp-json\/wp\/v2\/users\/1"}],"replies":[{"embeddable":true,"href":"https:\/\/www.mars-society-switzerland.com\/fr\/wp-json\/wp\/v2\/comments?post=191"}],"version-history":[{"count":13,"href":"https:\/\/www.mars-society-switzerland.com\/fr\/wp-json\/wp\/v2\/pages\/191\/revisions"}],"predecessor-version":[{"id":514,"href":"https:\/\/www.mars-society-switzerland.com\/fr\/wp-json\/wp\/v2\/pages\/191\/revisions\/514"}],"up":[{"embeddable":true,"href":"https:\/\/www.mars-society-switzerland.com\/fr\/wp-json\/wp\/v2\/pages\/37"}],"wp:attachment":[{"href":"https:\/\/www.mars-society-switzerland.com\/fr\/wp-json\/wp\/v2\/media?parent=191"}],"curies":[{"name":"wp","href":"https:\/\/api.w.org\/{rel}","templated":true}]}}